{"id":532,"date":"2026-04-15T11:23:32","date_gmt":"2026-04-15T11:23:32","guid":{"rendered":"https:\/\/1.fornixx.com\/?page_id=532"},"modified":"2026-05-16T12:49:48","modified_gmt":"2026-05-16T12:49:48","slug":"privacy-policy","status":"publish","type":"page","link":"https:\/\/1.fornixx.com\/ar\/privacy-policy\/","title":{"rendered":"\u0633\u064a\u0627\u0633\u0629 \u0627\u0644\u062e\u0635\u0648\u0635\u064a\u0629 \u2013 SABIRO\u011eLU"},"content":{"rendered":"<p><strong>Gizlilik Politikas\u0131 \u2013 SABIRO\u011eLU<\/strong><\/p>\n\n\n\n<p>SABIRO\u011eLU olarak, web sitemizi ziyaret edenlerin gizlili\u011fine sayg\u0131 duyuyor ve sitenin kullan\u0131m\u0131 arac\u0131l\u0131\u011f\u0131yla toplanan veya sa\u011flanan bilgilerin korunmas\u0131n\u0131 taahh\u00fct ediyoruz.<\/p>\n\n\n\n<p><strong>1. Toplad\u0131\u011f\u0131m\u0131z Bilgiler<\/strong> Bizimle ileti\u015fime ge\u00e7ti\u011finizde ad, telefon numaras\u0131 ve e-posta gibi baz\u0131 bilgiler toplayabiliriz. Bunlara ek olarak sipari\u015f veya sorgu bilgileri ile kullan\u0131c\u0131 deneyimini iyile\u015ftirmek amac\u0131yla IP adresi ve taray\u0131c\u0131 t\u00fcr\u00fc gibi teknik veriler de toplanabilir.<\/p>\n\n\n\n<p><strong>2. Bilgilerin Kullan\u0131m\u0131<\/strong> Toplad\u0131\u011f\u0131m\u0131z bilgileri; sorulara yan\u0131t vermek, sipari\u015fleri i\u015flemek, hizmet kalitesini art\u0131rmak ve gerekti\u011finde m\u00fc\u015fterilerle ileti\u015fim kurmak amac\u0131yla kullan\u0131r\u0131z. Onay verilmesi halinde g\u00fcncelleme veya teklifler de g\u00f6nderilebilir.<\/p>\n\n\n\n<p><strong>3. Bilgilerin Korunmas\u0131<\/strong> Uygun g\u00fcvenlik \u00f6nlemleri kullanarak kullan\u0131c\u0131 verilerini yetkisiz eri\u015fim, de\u011fi\u015ftirme, if\u015fa veya imhadan korumay\u0131 taahh\u00fct ediyoruz.<\/p>\n\n\n\n<p><strong>4. Bilgilerin Payla\u015f\u0131m\u0131<\/strong> Kullan\u0131c\u0131 verilerini hi\u00e7bir \u00fc\u00e7\u00fcnc\u00fc tarafla satm\u0131yor, kiralam\u0131yor veya payla\u015fm\u0131yoruz. Yaln\u0131zca hizmetin sunulmas\u0131 (kargo \u015firketleri gibi) veya yasal y\u00fck\u00fcml\u00fcl\u00fcklerin yerine getirilmesi gerekti\u011finde payla\u015f\u0131m yap\u0131labilir.<\/p>\n\n\n\n<p><strong>5. \u00c7erezler (Cookies)<\/strong> Site, kullan\u0131c\u0131 deneyimini geli\u015ftirmek ve site performans\u0131n\u0131 analiz etmek amac\u0131yla \u00e7erezler kullanmaktad\u0131r. Kullan\u0131c\u0131lar \u00e7erezleri taray\u0131c\u0131 ayarlar\u0131ndan devre d\u0131\u015f\u0131 b\u0131rakabilir.<\/p>\n\n\n\n<p><strong>6. Harici Ba\u011flant\u0131lar<\/strong> Site, harici web sitelerine ba\u011flant\u0131lar i\u00e7erebilir. Bu sitelerin i\u00e7eri\u011fi veya politikalar\u0131ndan sorumlu de\u011filiz.<\/p>\n\n\n\n<p><strong>7. Kullan\u0131c\u0131 Onay\u0131<\/strong> Siteyi kullanarak bu Gizlilik Politikas\u0131&#8217;n\u0131 kabul etmi\u015f say\u0131l\u0131rs\u0131n\u0131z.<\/p>\n\n\n\n<p><strong>8. G\u00fcncellemeler<\/strong> Bu politika zaman zaman g\u00fcncellenebilir. Yap\u0131lan de\u011fi\u015fiklikler bu sayfada yay\u0131mlanacakt\u0131r.<\/p>\n\n\n\n<p><strong>9. Bize Ula\u015f\u0131n<\/strong> Herhangi bir soru i\u00e7in web sitemizdeki ileti\u015fim sayfas\u0131 arac\u0131l\u0131\u011f\u0131yla bizimle ileti\u015fime ge\u00e7ebilirsiniz.<\/p>\n\n\n\n<p><\/p>","protected":false},"excerpt":{"rendered":"<p>Gizlilik Politikas\u0131 \u2013 SABIRO\u011eLU SABIRO\u011eLU olarak, web sitemizi ziyaret edenlerin gizlili\u011fine sayg\u0131 duyuyor ve sitenin kullan\u0131m\u0131 arac\u0131l\u0131\u011f\u0131yla toplanan veya sa\u011flanan [&hellip;]<\/p>","protected":false},"author":1,"featured_media":0,"parent":0,"menu_order":0,"comment_status":"closed","ping_status":"closed","template":"","meta":{"_angie_page":false,"site-sidebar-layout":"default","site-content-layout":"","ast-site-content-layout":"default","site-content-style":"default","site-sidebar-style":"default","ast-global-header-display":"","ast-banner-title-visibility":"","ast-main-header-display":"","ast-hfb-above-header-display":"","ast-hfb-below-header-display":"","ast-hfb-mobile-header-display":"","site-post-title":"disabled","ast-breadcrumbs-content":"","ast-featured-img":"","footer-sml-layout":"","ast-disable-related-posts":"","theme-transparent-header-meta":"","adv-header-id-meta":"","stick-header-meta":"","header-above-stick-meta":"","header-main-stick-meta":"","header-below-stick-meta":"","astra-migrate-meta-layouts":"default","ast-page-background-enabled":"default","ast-page-background-meta":{"desktop":{"background-color":"var(--ast-global-color-5)","background-image":"","background-repeat":"repeat","background-position":"center center","background-size":"auto","background-attachment":"scroll","background-type":"","background-media":"","overlay-type":"","overlay-color":"","overlay-opacity":"","overlay-gradient":""},"tablet":{"background-color":"","background-image":"","background-repeat":"repeat","background-position":"center center","background-size":"auto","background-attachment":"scroll","background-type":"","background-media":"","overlay-type":"","overlay-color":"","overlay-opacity":"","overlay-gradient":""},"mobile":{"background-color":"","background-image":"","background-repeat":"repeat","background-position":"center center","background-size":"auto","background-attachment":"scroll","background-type":"","background-media":"","overlay-type":"","overlay-color":"","overlay-opacity":"","overlay-gradient":""}},"ast-content-background-meta":{"desktop":{"background-color":"var(--ast-global-color-4)","background-image":"","background-repeat":"repeat","background-position":"center center","background-size":"auto","background-attachment":"scroll","background-type":"","background-media":"","overlay-type":"","overlay-color":"","overlay-opacity":"","overlay-gradient":""},"tablet":{"background-color":"var(--ast-global-color-4)","background-image":"","background-repeat":"repeat","background-position":"center center","background-size":"auto","background-attachment":"scroll","background-type":"","background-media":"","overlay-type":"","overlay-color":"","overlay-opacity":"","overlay-gradient":""},"mobile":{"background-color":"var(--ast-global-color-4)","background-image":"","background-repeat":"repeat","background-position":"center center","background-size":"auto","background-attachment":"scroll","background-type":"","background-media":"","overlay-type":"","overlay-color":"","overlay-opacity":"","overlay-gradient":""}},"_joinchat":[],"footnotes":""},"class_list":["post-532","page","type-page","status-publish","hentry"],"_hostinger_reach_plugin_has_subscription_block":false,"_hostinger_reach_plugin_is_elementor":false,"_links":{"self":[{"href":"https:\/\/1.fornixx.com\/ar\/wp-json\/wp\/v2\/pages\/532","targetHints":{"allow":["GET"]}}],"collection":[{"href":"https:\/\/1.fornixx.com\/ar\/wp-json\/wp\/v2\/pages"}],"about":[{"href":"https:\/\/1.fornixx.com\/ar\/wp-json\/wp\/v2\/types\/page"}],"author":[{"embeddable":true,"href":"https:\/\/1.fornixx.com\/ar\/wp-json\/wp\/v2\/users\/1"}],"replies":[{"embeddable":true,"href":"https:\/\/1.fornixx.com\/ar\/wp-json\/wp\/v2\/comments?post=532"}],"version-history":[{"count":4,"href":"https:\/\/1.fornixx.com\/ar\/wp-json\/wp\/v2\/pages\/532\/revisions"}],"predecessor-version":[{"id":1047,"href":"https:\/\/1.fornixx.com\/ar\/wp-json\/wp\/v2\/pages\/532\/revisions\/1047"}],"wp:attachment":[{"href":"https:\/\/1.fornixx.com\/ar\/wp-json\/wp\/v2\/media?parent=532"}],"curies":[{"name":"wp","href":"https:\/\/api.w.org\/{rel}","templated":true}]}}